{"id":1481,"date":"2022-02-23T15:26:49","date_gmt":"2022-02-23T15:26:49","guid":{"rendered":"https:\/\/neu.liviabass.com\/?page_id=1481"},"modified":"2023-02-11T11:47:20","modified_gmt":"2023-02-11T10:47:20","slug":"agb","status":"publish","type":"page","link":"https:\/\/www.liviabass.com\/en\/agb\/","title":{"rendered":"GENERAL TERMS AND CONDITIONS"},"content":{"rendered":"\n    <div\n      class=\"alignfull flex-block flex-block--blockID--53c9271802e0\"\n      data-block-id=\"blockID--53c9271802e0\" \n      id=\"flex-blockid--53c9271802e0\"\n      \n    >\n    <style> @media only screen and (min-width: 768px) { .flex-block--blockID--53c9271802e0 { --html-font-size: 1.25vw; --height:110.6652em; --bg-color: var(--scheme_1--background--default); --margin-top: 0em; --margin-bottom: 0em; } } @media only screen and (max-width: 767px) { .flex-block--blockID--53c9271802e0 { --html-font-size: 4.2666666666667vw; --height: 212.3206751054852em; --bg-color: var(--scheme_1--background--default); --margin-top: 0em; --margin-bottom: 0em; } } <\/style>\n    <div class=\"flex-block__main-container server-rendered\"><style> .flex-block__element--block-blockID--53c9271802e0.flex-block__element--element_id_65631, .flex-element-animation-helper[data-id='element_id_65631'][data-block-id='blockID--53c9271802e0'] { --el-width: 6.94476em; --el-width-tablet: 6.94476em; --el-height: 2.47498em; --el-height-tablet: 2.47498em; --el-actual-height: 2.47498em; --el-actual-height-tablet: 2.47498em; --position-top: 1.98422em; --position-top-tablet: 1.98422em; --position-left: 12.9425em; --position-left-tablet: 12.9425em; --rotateDeg: 0deg; --z-index: 1; --border-radius: 0px; --text-vertical-align: flex-start; --text-align: left; --font-family: Marcellus; --el-height: auto; --el-paddings: 0em 0em; } @media only screen and (max-width: 767px) { .flex-block__element--block-blockID--53c9271802e0.flex-block__element--element_id_65631, .flex-element-animation-helper[data-id='element_id_65631'][data-block-id='blockID--53c9271802e0'] { --el-width: 19.6875em; --el-width-tablet: 19.6875em; --el-height: 2.47493em; --el-height-tablet: 2.47493em; --el-actual-height: 2.47493em; --el-actual-height-tablet: 2.47493em; --position-top: 3.125em; --position-top-tablet: 3.125em; --position-left: 1.875em; --position-left-tablet: 1.875em; --rotateDeg: 0deg; --z-index: 3; --border-radius: 0px; --text-vertical-align: flex-start; --text-align: left; --font-family: Marcellus; --el-height: auto; --el-paddings: 0em 0em; } } \/*ANIMATION START*\/\/*ANIMATION END*\/ .flex-block__element--block-blockID--53c9271802e0.flex-block__element--element_id_57839, .flex-element-animation-helper[data-id='element_id_57839'][data-block-id='blockID--53c9271802e0'] { --el-width: 48.30124em; --el-width-tablet: 48.30124em; --el-height: 0em; --el-height-tablet: 0em; --el-actual-height: 0em; --el-actual-height-tablet: 0em; --position-top: 5.68207em; --position-top-tablet: 5.68207em; --position-left: 5.77978em; --position-left-tablet: 5.77978em; --rotateDeg: 0deg; --z-index: 2; --border-radius: 0px; --text-vertical-align: flex-start; --text-align: left; --font-family: Roboto; --el-height: auto; --el-paddings: 0em 0em; } @media only screen and (max-width: 767px) { .flex-block__element--block-blockID--53c9271802e0.flex-block__element--element_id_57839, .flex-element-animation-helper[data-id='element_id_57839'][data-block-id='blockID--53c9271802e0'] { --el-width: 19.6875em; --el-width-tablet: 19.6875em; --el-height: 0em; --el-height-tablet: 0em; --el-actual-height: 0em; --el-actual-height-tablet: 0em; --position-top: 56em; --position-top-tablet: 56em; --position-left: 1.875em; --position-left-tablet: 1.875em; --rotateDeg: 0deg; --z-index: 1; --border-radius: 0px; --text-vertical-align: flex-start; --text-align: left; --font-family: Roboto; --el-height: auto; --el-paddings: 0em 0em; } } \/*ANIMATION START*\/\/*ANIMATION END*\/ .flex-block__element--block-blockID--53c9271802e0.flex-block__element--element_id_ddbb3f9cddc4, .flex-element-animation-helper[data-id='element_id_ddbb3f9cddc4'][data-block-id='blockID--53c9271802e0'] { --el-width: 54.16009em; --el-width-tablet: 54.16009em; --el-height: 104.6181em; --el-height-tablet: 104.6181em; --el-actual-height: 104.6181em; --el-actual-height-tablet: 104.6181em; --position-top: 5.68207em; --position-top-tablet: 5.68207em; --position-left: 12.91995em; --position-left-tablet: 12.91995em; --rotateDeg: 0deg; --z-index: 3; --border-radius: 0px; --text-vertical-align: flex-start; --text-align: left; --font-family: LibertinusSans-Regular; --el-height: auto; --el-paddings: 0em 0em; } @media only screen and (max-width: 767px) { .flex-block__element--block-blockID--53c9271802e0.flex-block__element--element_id_ddbb3f9cddc4, .flex-element-animation-helper[data-id='element_id_ddbb3f9cddc4'][data-block-id='blockID--53c9271802e0'] { --el-width: 20.94402em; --el-width-tablet: 20.94402em; --el-height: 201.375em; --el-height-tablet: 201.375em; --el-actual-height: 201.375em; --el-actual-height-tablet: 201.375em; --position-top: 6.63854em; --position-top-tablet: 6.63854em; --position-left: 1.87529em; --position-left-tablet: 1.87529em; --rotateDeg: 0deg; --z-index: 4; --border-radius: 0px; --text-vertical-align: flex-start; --text-align: left; --font-family: LibertinusSans-Regular; --el-height: auto; --el-paddings: 0em 0em; } } \/*ANIMATION START*\/\/*ANIMATION END*\/<\/style>\n    <div class=\"flex-block__element flex-block__element--element_id_65631 flex-block__element--text  flex-block__element--block-blockID--53c9271802e0  flex-block__element--editorTagsFix  flex-block__element--synced \" style=\"--font-size: 2.25em;--line-height: 1.1em;--letter-spacing: 0.02em;\">\n      <div  class=\"flex-block__text-content  height-auto\">\n        <h2><span style=\"color:var(--scheme_1--button--background--default)\">AGB<\/span><\/h2>\n      <\/div>\n    <\/div>\n  \n    <div class=\"flex-block__element flex-block__element--element_id_57839 flex-block__element--text  flex-block__element--block-blockID--53c9271802e0  flex-block__element--editorTagsFix  flex-block__element--synced \" style=\"--font-size: 0.6875em;--line-height: 1.5em;--letter-spacing: 0.04em;\">\n      <div  class=\"flex-block__text-content  height-auto\">\n        \n      <\/div>\n    <\/div>\n  \n    <div class=\"flex-block__element flex-block__element--element_id_ddbb3f9cddc4 flex-block__element--text  flex-block__element--block-blockID--53c9271802e0  flex-block__element--editorTagsFix  flex-block__element--synced \" style=\"--font-size: 0.75em;--line-height: 1.5em;--letter-spacing: 0.03em;\">\n      <div  class=\"flex-block__text-content  height-auto\">\n        <p><strong><span style=\"color:var(--scheme_1--button--background--default)\">ALLGEMEINES<\/span><\/strong><\/p><p><span style=\"color:var(--scheme_1--button--background--default)\">Im Zusammenhang mit der Buchung und f\u00fcr die unkomplizierte Abwicklung ist die Fotografin berechtigt, personenbezogene Daten (Name, Adresse, Telefonnummer etc.) entsprechend zu speichern und zu verwalten.<\/span><\/p><p><span style=\"color:var(--scheme_1--button--background--default)\">Durch die schriftliche Best\u00e4tigung (E-Mail) der von Livia Bass zugestellten Offerte gilt ein Auftrag bereits als fest gebucht und die AGB als zugestimmt. Die gebuchte Zeit kann nicht in zwei oder mehr Teile aufgeteilt werden.<\/span><\/p><p><span style=\"color:var(--scheme_1--button--background--default)\">Im Preis der Reportage ist eine professionelle Bearbeitung, jedoch keine ausf\u00fchrliche Portraitretusche (Hautbearbeitung, etc.) enthalten. Diese wird auf Wunsch separat in Auftrag genommen und mit CHF 120 in Rechnung gestellt. Die Mindestdauer betr\u00e4gt eine halbe Stunde. Es wird pro angefangene Viertelstunde abgerechnet.<\/span><\/p><p><span style=\"color:var(--scheme_1--button--background--default)\">Jegliche Beanstandungen sind sp\u00e4testens nach 5 Tagen nach Auslieferung der Fotografin zu melden. Im Anschluss gelten die Fotomaterialien als angenommen. \u00c4nderungsw\u00fcnsche, die nach Ablauf dieser 5 Tage an die Fotografin gelangen, werden mit einem Stundensatz von CHF 120 verrechnet. Die Mindestdauer betr\u00e4gt eine halbe Stunde. Es wird pro angefangene Viertelstunde abgerechnet.<\/span><\/p><p><span style=\"color:var(--scheme_1--button--background--default)\">F\u00fcr Hochzeiten wird eine ausf\u00fchrliche Vereinbarung erstellt. Alle anderen Auftr\u00e4ge werden per E-Mail best\u00e4tigt.<\/span><\/p><div class=\"spacer\"><\/div><p><strong><span style=\"color:var(--scheme_1--button--background--default)\">AUSWAHL, LIEFERUNG & SICHERUNG DER BILDER<\/span><\/strong><\/p><p><span style=\"color:var(--scheme_1--button--background--default)\">Die Anzahl der auszuh\u00e4ndigenden Fotos h\u00e4ngt massgeblich von der jeweils individuellen Pr\u00e4senzzeit sowie den m\u00f6glichen Motiven ab. Eine Mindestzahl an Fotos kann weder festgelegt, noch gefordert werden. Es liegt im Ermessen der Fotografin, welche Fotos f\u00fcr die Reportage verwendet werden. Bei einer Reportage entstehen pro Stunde im Durchschnitt ca. 30-50 verwertbare Bilder. Diese Zahl kann jedoch aufgrund verschiedener Faktoren nach oben oder unten abweichen (z. B. Programmpunkte, Anzahl G\u00e4ste, Location etc.).<\/span><\/p><p><span style=\"color:var(--scheme_1--button--background--default)\">Die Auslieferung der Bilder erfolgt im JPEG Format und in hoher Aufl\u00f6sung in einer Online-Galerie. Die Bilder k\u00f6nnen in 2 Gr\u00f6ssen (Highsize & Websize) direkt aus der Online-Galerie heruntergeladen werden. Die Abgabe von unbearbeiteten, digitalen Rohdaten (RAW) ist ausgeschlossen.<\/span><\/p><p><span style=\"color:var(--scheme_1--button--background--default)\">Nach dem Erhalt der Bilder ist der Auftraggeber allein verantwortlich f\u00fcr die ordnungsgem\u00e4sse Aufbewahrung und Sicherheit der Dateien.<\/span><\/p><p><span style=\"color:var(--scheme_1--button--background--default)\">Es empfiehlt sich eine Sicherung des Bildmaterials auf mindestens einem weiteren Datentr\u00e4ger.<\/span><\/p><p><span style=\"color:var(--scheme_1--button--background--default)\">Livia Bass sichert die abgegebenen Fotos f\u00fcr max. 2 Jahre nach Fototermin, in dieser Zeit k\u00f6nnen Datentr\u00e4ger und einzelne Fotos kostenpflichtig nachbestellt werden.<\/span><\/p><p><span style=\"color:var(--scheme_1--button--background--default)\">Die Aufbewahrung der digitalen Bilddaten ist nicht Teil des Auftrags. Die Fotografin versichert, die finalen Fotos f\u00fcr die Dauer von 12 Monaten aufzuheben, danach k\u00f6nnen keine Anspr\u00fcche gestellt werden. Die Online-Galerie bleibt f\u00fcr 6 Monate verf\u00fcgbar.<\/span><\/p><div class=\"spacer\"><\/div><p><strong><span style=\"color:var(--scheme_1--button--background--default)\">NUTZUNGSRECHTE & URHEBERRECHT<\/span><\/strong><\/p><p><span style=\"color:var(--scheme_1--button--background--default)\">Der Kunde ist berechtigt, die entstandenen Fotoaufnahmen ohne zeitliche, \u00f6rtliche und inhaltliche Einschr\u00e4nkung f\u00fcr private Zwecke (Social Media, Print, eigene Website etc.) zu verwenden.<\/span><\/p><p><span style=\"color:var(--scheme_1--button--background--default)\">Die Bilder unterliegen dem Urheberrecht, eine weitere Bearbeitung der Bilder (u.a. \u00dcberlagerung der Filter, Facetune etc.) ist nicht gestattet.<\/span><\/p><p><span style=\"color:var(--scheme_1--button--background--default)\">Die Fotografin ist dazu berechtigt, ausgew\u00e4hlte Bilder der Fotoreportage f\u00fcr Zwecke der Eigenwerbung (Print, Internet) zu ben\u00fctzen und als Referenz zu zeigen. Die Auswahl wird dem Kunden vor Ver\u00f6ffentlichung via Online-Galerie gezeigt. M\u00f6chte der Kunde, dass bestimmte Fotos nicht gezeigt werden, sind diese mit der entsprechenden Funktion in der Online-Galerie auszublenden.<\/span><\/p><p><span style=\"color:var(--scheme_1--button--background--default)\">Eine Weitergabe an Dritte (Dienstleister, Blogs etc.) darf erst nach schriftlicher Zustimmung beider Parteien (Fotografin & Kunde) erfolgen. Die Fotografin ist immer und ausnahmslos bei Ver\u00f6ffentlichung der Bilder zu markieren (Instagram, Facebook), bzw. wo nicht m\u00f6glich, mit der Website (www.liviabass.com) zu nennen. Bitte allen so mitteilen, sollten die Bilder vom Kunden an Dritte weitergeleitet werden.<\/span><\/p><p><span style=\"color:var(--scheme_1--button--background--default)\">Das Nutzungsrecht geht erst mit vollst\u00e4ndiger Begleichung aller ausstehenden Rechnungen an den Kunden \u00fcber.<\/span><\/p><p><span style=\"color:var(--scheme_1--button--background--default)\">Livia Bass Photography erh\u00e4lt als Urheberin das Recht, ausgew\u00e4hltes Bildmaterial kostenlos f\u00fcr Werbezwecke zu verwenden, z.B. Webseiten, Visitenkarten, Preislisten, Flyer, Brosch\u00fcren, Wettbewerbe, Inserate, Internetseiten, Soziale Netzwerke (Facebook, Instagram etc.) Sedcards etc.. Livia Bass Photography hat das Recht, insbesondere in Ver\u00f6ffentlichungen (Internet, Printmedien), bei Ausstellungen, Werbung, Gespr\u00e4chen und Pr\u00e4sentationen mit potenziellen Auftraggebern, auf die Zusammenarbeit mit dem Kunden und auf die f\u00fcr ihn geschaffene fotografische Arbeit hinzuweisen und Referenzen anzugeben.<\/span><\/p><p><span style=\"color:var(--scheme_1--button--background--default)\">Bei Veranstaltungen \/ Hochzeiten oder anderen Anl\u00e4ssen hat der Auftraggeber \/ das Brautpaar die Einwilligung der anwesenden, abgebildeten Personen, respektive deren Erziehungsberechtigte oder Vormund einzuholen und haftet f\u00fcr dieses allein.<\/span><\/p><div class=\"spacer\"><\/div><p><strong><span style=\"color:var(--scheme_1--button--background--default)\">HONORARVORSCHUSS, KOSTEN & RECHNUNG<\/span><\/strong><\/p><p>Daten, die 3\u201310 Monate im Voraus gebucht werden, werden 50 % Anzahlung auf die Buchungsgeb\u00fchr f\u00e4llig. <\/p><p><span style=\"color:var(--scheme_1--button--background--default)\">Der Honorarvorschuss ist eine nicht erstattungsf\u00e4hige Geb\u00fchr.<\/span><\/p><p><span style=\"color:var(--scheme_1--button--background--default)\">Die Rechnung f\u00fcr den Auftrag wird nach der Erledigung des Shootings per Mail geschickt. <\/span><\/p><p><span style=\"color:var(--scheme_1--button--background--default)\">Zus\u00e4tzliche Anwesenheitsstunden der Fotografin k\u00f6nnen bei Bedarf im Voraus oder am Tag des Shootings (je nach Kapazit\u00e4t) dazu gebucht werden. Der Preis h\u00e4ngt vom gebuchten Paket ab. Abgerechnet wird pro angefangene Viertelstunde. Die Rechnung f\u00fcr die Zusatzstunden wird nach dem Auftrag per Mail ausgestellt.<\/span><\/p><p><span style=\"color:var(--scheme_1--button--background--default)\">Fahrtkosten sind ab 8005 Z\u00fcrich bis 10 km inklusive - zus\u00e4tzlich gefahrene km werden mit CHF 0.80\/km abgerechnet.<\/span><\/p><p><span style=\"color:var(--scheme_1--button--background--default)\">Der Restbetrag mit den eventuellen zus\u00e4tzlichen Kosten (bspw. Reisekosten) werden nach dem Auftrag mit der Schlussrechnung verrechnet.<\/span><\/p><div class=\"spacer\"><\/div><p><strong><span style=\"color:var(--scheme_1--button--background--default)\">HOCHZEIT<\/span><\/strong><\/p><p><span style=\"color:var(--scheme_1--button--background--default)\">Mit der Vertragsunterzeichnung werden 50 % der vereinbarten Kosten des Paketes f\u00e4llig, damit die Buchung verbindlich wird. Ohne diese Reservierungsgeb\u00fchr ist das Datum nicht blockiert und der Termin wird von der Fotografin nach Ablauf dieser Frist f\u00fcr andere Paare wieder freigegeben. Der Honorarvorschuss ist eine nicht erstattungsf\u00e4hige Geb\u00fchr. Bei einer Stornierung des Auftrags wird sie f\u00fcr bereits geleistete Arbeit (Treffen, Vorbereitungen, Recherche, etc.) einbehalten. Der Honorarvorschuss ist nicht \u00fcbertragbar auf andere Produkte der Fotografin.<\/span><\/p><div class=\"spacer\"><\/div><p><strong><span style=\"color:var(--scheme_1--button--background--default)\">STORNIERUNG & TERMIN VERSCHIEBUNG<\/span><\/strong><\/p><p><span style=\"color:var(--scheme_1--button--background--default)\">Abmeldungen haben telefonisch oder schriftlich (E-Mail) zu erfolgen.<\/span><\/p><p>Daten, die 3\u201310 Monate im Voraus gebucht werden, werden 50 % Anzahlung auf die Buchungsgeb\u00fchr f\u00e4llig. <\/p><p><span style=\"color:var(--scheme_1--button--background--default)\">Der Honorarvorschuss ist eine nicht erstattungsf\u00e4hige Geb\u00fchr.<\/span><\/p><p><span style=\"color:var(--scheme_1--button--background--default)\">Bis 24 Stunden vor dem Fotoauftrag: 100 % des gebuchten Shootings\/ Angebots<\/span><\/p><p><span style=\"color:var(--scheme_1--button--background--default)\">Keine Abmeldung: 100 % des gebuchten Shootings\/ Angebots<\/span><\/p><p><span style=\"color:var(--scheme_1--button--background--default)\">Verschiebt der Auftraggeber den Auftragstermin weniger als 3 Tage vor seinem Termin, so hat Livia Bass Photography Anspruch auf die ihr bereits angefallenen Kosten. Zus\u00e4tzliche Aufw\u00e4nde werden auch verrechnet.<\/span><\/p><p><span style=\"color:var(--scheme_1--button--background--default)\">Ausnahmen gelten im Sommer f\u00fcr abgemachte Termine je nach Wetterlage. F\u00fcr solche Termine wird im Vorhinein bereits ein Reservedatum abgemacht.<\/span><\/p><div class=\"spacer\"><\/div><p><strong><span style=\"color:var(--scheme_1--button--background--default)\">HOCHZEIT<\/span><\/strong><\/p><p><span style=\"color:var(--scheme_1--button--background--default)\">Sollte sich das Hochzeitsdatum \u00e4ndern und die Fotografin kann den neuen Termin nicht wahrnehmen, verliert das Brautpaar den Honorarvorschuss ebenfalls.<\/span><\/p><p><span style=\"color:var(--scheme_1--button--background--default)\">Wird der Auftrag weniger als 2 Monate vor dem Hochzeitsdatum storniert, so wird der gesamte Betrag f\u00e4llig.<\/span><\/p><p><span style=\"color:var(--scheme_1--button--background--default)\">Bis 4 Monate vor dem Termin: 60 % des Angebots<\/span><\/p><p><span style=\"color:var(--scheme_1--button--background--default)\">Bis 3 Monate vor dem Termin: 80 % des Angebots<\/span><\/p><p><span style=\"color:var(--scheme_1--button--background--default)\">Ab 2 Monaten vor dem Termin und keine Abmeldungen: 100 % des gebuchten Angebots<\/span><\/p><p><span style=\"color:var(--scheme_1--button--background--default)\">Erfolgt die Stornierung seitens Auftraggeber aufgrund Absage des Events wegen nachweislich schwerwiegendem Krankheitsfall oder Todesfall des Brautpaares, liegt die H\u00f6he der Entsch\u00e4digung im eigenen Ermessen der Fotografin.<\/span><\/p><div class=\"spacer\"><\/div><p><strong><span style=\"color:var(--scheme_1--button--background--default)\">H\u00d6HERE GEWALT<\/span><\/strong><\/p><p><span style=\"color:var(--scheme_1--button--background--default)\">Ist es der Fotografin aufgrund von h\u00f6herer Gewalt (Unfall, Verlust\/Defekt der Ausr\u00fcstung, Fehlfunktion der Technik etc.) nicht m\u00f6glich den Auftrag auszuf\u00fchren oder die Bilder innerhalb der Frist zu liefern, verzichtet der Kunde auf Schadensersatzforderungen bzw. die Abw\u00e4lzung anf\u00e4lliger Mehrkosten auf die Fotografin.<\/span><\/p><div class=\"spacer\"><\/div><p><strong><span style=\"color:var(--scheme_1--button--background--default)\">GUTSCHEINE<\/span><\/strong><\/p><p><span style=\"color:var(--scheme_1--button--background--default)\">Gekaufte Gutscheine haben eine G\u00fcltigkeitsdauer von 1 Jahr ab dem Ausstellungsdatum.<\/span><\/p><p><span style=\"color:var(--scheme_1--button--background--default)\">Nach einem Jahr gilt der aktuelle Preis f\u00fcr das gebuchte Shooting von Livia Bass.<\/span><\/p><p><span style=\"color:var(--scheme_1--button--background--default)\">Die Differenz der Erh\u00f6hung wird dem Auftraggeber in Rechnung gestellt.<\/span><\/p><div class=\"spacer\"><\/div><p><span style=\"color:var(--scheme_1--button--background--default)\">Die mit Livia Bass Photography abgeschlossenen Auftragsbest\u00e4tigungen und Vertr\u00e4ge unterliegen dem Schweizer Recht.<\/span><\/p><p><span style=\"color:var(--scheme_1--button--background--default)\">Alle \u00c4nderungen und Erg\u00e4nzungen, die die AGB betreffen, bed\u00fcrfen der schriftlichen Form.<\/span><\/p><p><span style=\"color:var(--scheme_1--button--background--default)\">Livia Bass Photography beh\u00e4lt sich das Recht vor, die allgemeinen Gesch\u00e4ftsbedingungen jederzeit abzu\u00e4ndern oder zu erg\u00e4nzen.<\/span><\/p><p><span style=\"color:var(--scheme_1--button--background--default)\">Die AGB unterliegen dem schweizerischen Recht. Gerichtsstand ist der Wohnort der Fotografin.<\/span><\/p><div class=\"spacer\"><\/div><p><span style=\"color:var(--scheme_1--button--background--default)\">Diese AGB sind g\u00fcltig ab 21. Februar 2022.<\/span><\/p><div class=\"spacer\"><\/div>\n      <\/div>\n    <\/div>\n  <div class=\"flex-group flex-group--grpId_eb358b1270ac server-rendered\" data-device=\"desktop\" data-groups_and_elements=\"element_id_ddbb3f9cddc4,element_id_57839\" data-all_elements=\" element_id_ddbb3f9cddc4 element_id_57839\" data-play-hover-animations=\"true\" data-play-click-animations=\"true\" data-trigger-links=\"false\" data-clip-content=\"false\" style=\"top: 5.66125em; left: 5.80046em; width: 61.2529em; height: 104.64037em; pointer-events: none;\"><\/div><div class=\"flex-group flex-group--grpId_81379 server-rendered\" data-device=\"mobile\" data-groups_and_elements=\"element_id_57839\" data-all_elements=\" element_id_57839\" data-play-hover-animations=\"true\" data-play-click-animations=\"true\" data-trigger-links=\"false\" data-clip-content=\"false\" style=\"top: 56.00928em; left: 1.85615em; width: 19.67517em; height: 0em; pointer-events: none;\"><\/div><\/div><\/div>","protected":false},"excerpt":{"rendered":"","protected":false},"author":1,"featured_media":0,"parent":0,"menu_order":0,"comment_status":"closed","ping_status":"closed","template":"","meta":{"_seopress_robots_primary_cat":"","_seopress_titles_title":"","_seopress_titles_desc":"","_seopress_robots_index":"","footnotes":""},"class_list":["post-1481","page","type-page","status-publish"],"fbg_featured_image_src":{"full":false,"thumbnail":false,"medium":false,"medium_large":false,"large":false,"1536x1536":false,"2048x2048":false,"trp-custom-language-flag":false},"fbg_excerpt":null,"_links":{"self":[{"href":"https:\/\/www.liviabass.com\/en\/wp-json\/wp\/v2\/pages\/1481","targetHints":{"allow":["GET"]}}],"collection":[{"href":"https:\/\/www.liviabass.com\/en\/wp-json\/wp\/v2\/pages"}],"about":[{"href":"https:\/\/www.liviabass.com\/en\/wp-json\/wp\/v2\/types\/page"}],"author":[{"embeddable":true,"href":"https:\/\/www.liviabass.com\/en\/wp-json\/wp\/v2\/users\/1"}],"replies":[{"embeddable":true,"href":"https:\/\/www.liviabass.com\/en\/wp-json\/wp\/v2\/comments?post=1481"}],"version-history":[{"count":13,"href":"https:\/\/www.liviabass.com\/en\/wp-json\/wp\/v2\/pages\/1481\/revisions"}],"predecessor-version":[{"id":2997,"href":"https:\/\/www.liviabass.com\/en\/wp-json\/wp\/v2\/pages\/1481\/revisions\/2997"}],"wp:attachment":[{"href":"https:\/\/www.liviabass.com\/en\/wp-json\/wp\/v2\/media?parent=1481"}],"curies":[{"name":"wp","href":"https:\/\/api.w.org\/{rel}","templated":true}]}}