{"id":1491,"date":"2022-02-23T15:43:24","date_gmt":"2022-02-23T15:43:24","guid":{"rendered":"https:\/\/neu.liviabass.com\/?page_id=1491"},"modified":"2023-02-11T11:29:11","modified_gmt":"2023-02-11T10:29:11","slug":"impressum","status":"publish","type":"page","link":"https:\/\/www.liviabass.com\/en\/impressum\/","title":{"rendered":"Impressum"},"content":{"rendered":"\n    <div\n      class=\"alignfull flex-block flex-block--blockID--53c9271802e0\"\n      data-block-id=\"blockID--53c9271802e0\" \n      id=\"flex-blockid--53c9271802e0\"\n      \n    >\n    <style> @media only screen and (min-width: 768px) { .flex-block--blockID--53c9271802e0 { --html-font-size: 1.25vw; --height:43.0214em; --bg-color: var(--scheme_1--background--default); --margin-top: 0em; --margin-bottom: 0em; } } @media only screen and (max-width: 767px) { .flex-block--blockID--53c9271802e0 { --html-font-size: 4.2666666666667vw; --height: 61.88466947960619em; --bg-color: var(--scheme_1--background--default); --margin-top: 0em; --margin-bottom: 0em; } } <\/style>\n    <div class=\"flex-block__main-container server-rendered\"><style> .flex-block__element--block-blockID--53c9271802e0.flex-block__element--element_id_65631, .flex-element-animation-helper[data-id='element_id_65631'][data-block-id='blockID--53c9271802e0'] { --el-width: 11.36415em; --el-width-tablet: 11.36415em; --el-height: 2.47498em; --el-height-tablet: 2.47498em; --el-actual-height: 2.47498em; --el-actual-height-tablet: 2.47498em; --position-top: 1.98422em; --position-top-tablet: 1.98422em; --position-left: 12.9425em; --position-left-tablet: 12.9425em; --rotateDeg: 0deg; --z-index: 1; --border-radius: 0px; --text-vertical-align: flex-start; --text-align: left; --font-family: Marcellus; --el-height: auto; --el-paddings: 0em 0em; } @media only screen and (max-width: 767px) { .flex-block__element--block-blockID--53c9271802e0.flex-block__element--element_id_65631, .flex-element-animation-helper[data-id='element_id_65631'][data-block-id='blockID--53c9271802e0'] { --el-width: 19.6875em; --el-width-tablet: 19.6875em; --el-height: 2.47498em; --el-height-tablet: 2.47498em; --el-actual-height: 2.47498em; --el-actual-height-tablet: 2.47498em; --position-top: 3.125em; --position-top-tablet: 3.125em; --position-left: 1.875em; --position-left-tablet: 1.875em; --rotateDeg: 0deg; --z-index: 3; --border-radius: 0px; --text-vertical-align: flex-start; --text-align: left; --font-family: Marcellus; --el-height: auto; --el-paddings: 0em 0em; } } \/*ANIMATION START*\/\/*ANIMATION END*\/ .flex-block__element--block-blockID--53c9271802e0.flex-block__element--element_id_57839, .flex-element-animation-helper[data-id='element_id_57839'][data-block-id='blockID--53c9271802e0'] { --el-width: 48.30124em; --el-width-tablet: 48.30124em; --el-height: 0em; --el-height-tablet: 0em; --el-actual-height: 0em; --el-actual-height-tablet: 0em; --position-top: 5.68207em; --position-top-tablet: 5.68207em; --position-left: 5.77978em; --position-left-tablet: 5.77978em; --rotateDeg: 0deg; --z-index: 2; --border-radius: 0px; --text-vertical-align: flex-start; --text-align: left; --font-family: Roboto; --el-height: auto; --el-paddings: 0em 0em; } @media only screen and (max-width: 767px) { .flex-block__element--block-blockID--53c9271802e0.flex-block__element--element_id_57839, .flex-element-animation-helper[data-id='element_id_57839'][data-block-id='blockID--53c9271802e0'] { --el-width: 19.6875em; --el-width-tablet: 19.6875em; --el-height: 0em; --el-height-tablet: 0em; --el-actual-height: 0em; --el-actual-height-tablet: 0em; --position-top: 56em; --position-top-tablet: 56em; --position-left: 1.875em; --position-left-tablet: 1.875em; --rotateDeg: 0deg; --z-index: 1; --border-radius: 0px; --text-vertical-align: flex-start; --text-align: left; --font-family: Roboto; --el-height: auto; --el-paddings: 0em 0em; } } \/*ANIMATION START*\/\/*ANIMATION END*\/ .flex-block__element--block-blockID--53c9271802e0.flex-block__element--element_id_ddbb3f9cddc4, .flex-element-animation-helper[data-id='element_id_ddbb3f9cddc4'][data-block-id='blockID--53c9271802e0'] { --el-width: 54.16009em; --el-width-tablet: 54.16009em; --el-height: 43.87216em; --el-height-tablet: 43.87216em; --el-actual-height: 43.87216em; --el-actual-height-tablet: 43.87216em; --position-top: 5.68207em; --position-top-tablet: 5.68207em; --position-left: 12.91995em; --position-left-tablet: 12.91995em; --rotateDeg: 0deg; --z-index: 3; --border-radius: 0px; --text-vertical-align: flex-start; --text-align: left; --font-family: LibertinusSans-Regular; --el-height: auto; --el-paddings: 0em 0em; } @media only screen and (max-width: 767px) { .flex-block__element--block-blockID--53c9271802e0.flex-block__element--element_id_ddbb3f9cddc4, .flex-element-animation-helper[data-id='element_id_ddbb3f9cddc4'][data-block-id='blockID--53c9271802e0'] { --el-width: 20.64965em; --el-width-tablet: 20.64965em; --el-height: 49.49698em; --el-height-tablet: 49.49698em; --el-actual-height: 49.49698em; --el-actual-height-tablet: 49.49698em; --position-top: 6.86775em; --position-top-tablet: 6.86775em; --position-left: 1.85615em; --position-left-tablet: 1.85615em; --rotateDeg: 0deg; --z-index: 4; --border-radius: 0px; --text-vertical-align: flex-start; --text-align: left; --font-family: LibertinusSans-Regular; --el-height: auto; --el-paddings: 0em 0em; } } \/*ANIMATION START*\/\/*ANIMATION END*\/<\/style>\n    <div class=\"flex-block__element flex-block__element--element_id_65631 flex-block__element--text  flex-block__element--block-blockID--53c9271802e0  flex-block__element--editorTagsFix  flex-block__element--synced \" style=\"--font-size: 2.25em;--line-height: 1.1em;--letter-spacing: 0.02em;\">\n      <div  class=\"flex-block__text-content  height-auto\">\n        <h1><span style=\"color:var(--scheme_1--button--background--default)\">Impressum<\/span><\/h1>\n      <\/div>\n    <\/div>\n  \n    <div class=\"flex-block__element flex-block__element--element_id_57839 flex-block__element--text  flex-block__element--block-blockID--53c9271802e0  flex-block__element--editorTagsFix  flex-block__element--synced \" style=\"--font-size: 0.6875em;--line-height: 1.5em;--letter-spacing: 0.04em;\">\n      <div  class=\"flex-block__text-content  height-auto\">\n        \n      <\/div>\n    <\/div>\n  \n    <div class=\"flex-block__element flex-block__element--element_id_ddbb3f9cddc4 flex-block__element--text  flex-block__element--block-blockID--53c9271802e0  flex-block__element--editorTagsFix  flex-block__element--synced \" style=\"--font-size: 0.75em;--line-height: 1.5em;--letter-spacing: 0.03em;\">\n      <div  class=\"flex-block__text-content  height-auto\">\n        <p><strong>Kontakt-Adresse <\/strong><br\/>Livia Bass Photography<br\/>Pfannenstielstrasse 216<\/p><p>8706 Meilen<\/p><p>Schweiz<\/p><p><br\/><strong>Email <\/strong><\/p><p>contact@liviabass.com <br\/><br\/><strong>Mehrwertsteuer-Nummer <\/strong><\/p><p>CHE-313.880.341MWST<\/p><div class=\"spacer\"><\/div><p><strong>Unternehmens-Nummer (UID)<\/strong><\/p><p>CHE-313.880.341<\/p><div class=\"spacer\"><\/div><p><strong>Handelsregister Eintrag<\/strong><\/p><p>Livia Bass Photography<\/p><div class=\"spacer\"><\/div><p><strong>Vertretungsberechtigte Person<\/strong><br\/>Livia Bass<\/p><div class=\"spacer\"><\/div><p><strong>Umsetzung & Webdesign<\/strong><br\/><a href=\"https:\/\/www.walia-solutions.ch\/\" target=\"_blank\">walia solutions<\/a><\/p><div class=\"spacer\"><\/div><p><strong>Haftungsausschluss<\/strong><br\/>Der Autor \u00fcbernimmt keinerlei  Gew\u00e4hr hinsichtlich der inhaltlichen Richtigkeit, Genauigkeit,  Aktualit\u00e4t, Zuverl\u00e4ssigkeit und Vollst\u00e4ndigkeit der Informationen.<\/p><p>Haftungsanspr\u00fcche gegen den Autor wegen Sch\u00e4den materieller oder immaterieller Art, welche aus dem Zugriff oder der Nutzung bzw. Nichtnutzung der ver\u00f6ffentlichten Informationen, durch Missbrauch der Verbindung oder durch technische St\u00f6rungen entstanden sind, werden ausgeschlossen.<\/p><p>Alle Angebote sind unverbindlich. Der Autor beh\u00e4lt es sich  ausdr\u00fccklich vor, Teile der Seiten oder das gesamte Angebot ohne besondere Ank\u00fcndigung zu ver\u00e4ndern, zu erg\u00e4nzen, zu l\u00f6schen oder die Ver\u00f6ffentlichung zeitweise oder endg\u00fcltig einzustellen.<\/p><div class=\"spacer\"><\/div><p><strong>Haftungsausschluss f\u00fcr Links<\/strong><br\/>Verweise und Links auf Webseiten Dritter liegen ausserhalb unseres Verantwortungsbereichs. Es wird jegliche Verantwortung f\u00fcr solche Webseiten abgelehnt. Der  Zugriff und die Nutzung solcher Webseiten erfolgen auf eigene Gefahr des jeweiligen Nutzers.<\/p><div class=\"spacer\"><\/div><p><strong>Urheberrechte<\/strong><br\/>Die Urheber- und alle anderen  Rechte an Inhalten, Bildern, Fotos oder anderen Dateien auf dieser Website, geh\u00f6ren ausschliesslich <strong>Livia Bass Photography<\/strong> oder den  speziell genannten Rechteinhabern. F\u00fcr die Reproduktion jeglicher Elemente ist die schriftliche Zustimmung des Urheberrechtstr\u00e4gers im Voraus einzuholen.<\/p><p>Quelle: <a href=\"https:\/\/www.swissanwalt.ch\/\" target=\"_blank\">SwissAnwalt<\/a><\/p>\n      <\/div>\n    <\/div>\n  <div class=\"flex-group flex-group--grpId_eb358b1270ac server-rendered\" data-device=\"desktop\" data-groups_and_elements=\"element_id_ddbb3f9cddc4,element_id_57839\" data-all_elements=\" element_id_ddbb3f9cddc4 element_id_57839\" data-play-hover-animations=\"true\" data-play-click-animations=\"true\" data-trigger-links=\"false\" data-clip-content=\"false\" style=\"top: 5.66125em; left: 5.80046em; width: 61.2529em; height: 43.85151em; pointer-events: none;\"><\/div><div class=\"flex-group flex-group--grpId_81379 server-rendered\" data-device=\"mobile\" data-groups_and_elements=\"element_id_57839\" data-all_elements=\" element_id_57839\" data-play-hover-animations=\"true\" data-play-click-animations=\"true\" data-trigger-links=\"false\" data-clip-content=\"false\" style=\"top: 56.00928em; left: 1.85615em; width: 19.67517em; height: 0em; pointer-events: none;\"><\/div><\/div><\/div>","protected":false},"excerpt":{"rendered":"","protected":false},"author":1,"featured_media":0,"parent":0,"menu_order":0,"comment_status":"closed","ping_status":"closed","template":"","meta":{"_seopress_robots_primary_cat":"","_seopress_titles_title":"","_seopress_titles_desc":"","_seopress_robots_index":"","footnotes":""},"class_list":["post-1491","page","type-page","status-publish"],"fbg_featured_image_src":{"full":false,"thumbnail":false,"medium":false,"medium_large":false,"large":false,"1536x1536":false,"2048x2048":false,"trp-custom-language-flag":false},"fbg_excerpt":null,"_links":{"self":[{"href":"https:\/\/www.liviabass.com\/en\/wp-json\/wp\/v2\/pages\/1491","targetHints":{"allow":["GET"]}}],"collection":[{"href":"https:\/\/www.liviabass.com\/en\/wp-json\/wp\/v2\/pages"}],"about":[{"href":"https:\/\/www.liviabass.com\/en\/wp-json\/wp\/v2\/types\/page"}],"author":[{"embeddable":true,"href":"https:\/\/www.liviabass.com\/en\/wp-json\/wp\/v2\/users\/1"}],"replies":[{"embeddable":true,"href":"https:\/\/www.liviabass.com\/en\/wp-json\/wp\/v2\/comments?post=1491"}],"version-history":[{"count":9,"href":"https:\/\/www.liviabass.com\/en\/wp-json\/wp\/v2\/pages\/1491\/revisions"}],"predecessor-version":[{"id":2992,"href":"https:\/\/www.liviabass.com\/en\/wp-json\/wp\/v2\/pages\/1491\/revisions\/2992"}],"wp:attachment":[{"href":"https:\/\/www.liviabass.com\/en\/wp-json\/wp\/v2\/media?parent=1491"}],"curies":[{"name":"wp","href":"https:\/\/api.w.org\/{rel}","templated":true}]}}